{"id":117,"date":"2019-06-20T22:32:24","date_gmt":"2019-06-20T21:32:24","guid":{"rendered":"http:\/\/aberdeen-pl.rcda.scot\/?page_id=117"},"modified":"2024-08-18T09:30:49","modified_gmt":"2024-08-18T08:30:49","slug":"bierzmowanie-2","status":"publish","type":"page","link":"https:\/\/aberdeen-pl.rcda.scot\/?page_id=117","title":{"rendered":"Bierzmowanie"},"content":{"rendered":"<p style=\"text-align: right;\"><em>Cz\u0142owiek ochrzczony, ale niebierzmowany jest<\/em><br \/>\n<em>\u201ejak \u017co\u0142nierz, kt\u00f3ry ju\u017c zosta\u0142 wprawdzie odznaczony, ale nie ma jeszcze broni\u201d.<\/em><br \/>\n(Faust z Riez, mnich, pisarz i kaznodzieja)<\/p>\n<p>ZAPISY<\/p>\n<p>Wszystkich ch\u0119tnych (od wieku sz\u00f3stoklasisty w sobotniej polskiej szkole, a S1 w szkole szkockiej), kt\u00f3rym nie uda\u0142o si\u0119 do tej pory przyj\u0105\u0107 sakramentu bierzmowania, zapraszamy do zapis\u00f3w na kurs przygotowawczy.<\/p>\n<p>&nbsp;<\/p>\n<p>KORZY\u015aCI<\/p>\n<p>U kandydat\u00f3w szczeg\u00f3lnie wa\u017cna jest <strong><span style=\"color: green;\">postawa pragnienia otrzymania nowych dar\u00f3w Ducha \u015awi\u0119tego<\/span><\/strong>. Wtedy sakrament bierzmowania ma szans\u0119 i ubogaci\u0107, i wzmocni\u0107 r\u00f3\u017cne dary Bo\u017ce, u wielu chrze\u015bcijan niestety u\u015bpione. Bo\u017ca oferta nowych i wspania\u0142ych dar\u00f3w Ducha \u015awi\u0119tego ma s\u0142u\u017cy\u0107 pomoc\u0105 w nie\u0142atwej codzienno\u015bci bycia uczniem Jezusa.<\/p>\n<p>Dodatkow\u0105 korzy\u015bci\u0105 z przyj\u0119cia tego sakramentu jest p\u00f3\u017aniejsza mo\u017cliwo\u015b\u0107 przyj\u0119cia godno\u015bci chrzestnego\/chrzestnej lub brak przeszk\u00f3d do przyj\u0119cia sakramentalnego ma\u0142\u017ce\u0144stwa. <strong>Zniech\u0119camy do zg\u0142aszania<\/strong> swych kandydatur osoby, kt\u00f3re chc\u0105 jedynie uzyska\u0107 dokument uprawniaj\u0105cy do przyj\u0119cia kolejnych godno\u015bci w Ko\u015bciele. To naprawd\u0119 nie ma sensu.<\/p>\n<p>&nbsp;<\/p>\n<p>JAKIE\u015a PYTANIA \/ NIEJASNO\u015aCI?<\/p>\n<p>Prosimy o <a href=\"https:\/\/aberdeen-pl.rcda.scot\/kontakt\/\" target=\"_blank\" rel=\"noopener\"><span style=\"text-decoration: underline;\"><strong><span style=\"color: red; text-decoration: underline;\">kontakt z duszpasterzem<\/span><\/strong><\/span><\/a>.<\/p>\n<p>&nbsp;<\/p>\n<p style=\"text-align: center;\"><strong><span style=\"font-size: large;\">Wst\u0119pny formularz zg\u0142oszeniowy na przygotowanie do przyj\u0119cia sakramentu bierzmowania w 2025 r.<\/span><\/strong><\/p>\n<p><span style=\"color: #ff0000;\"><a style=\"color: #ff0000;\" href=\"https:\/\/forms.gle\/sNHdeEHmg7b8jNov9\"><strong>FORMULARZ ZG\u0141OSZENIOWY<\/strong><\/a>&lt;- kliknij link<\/span><\/p>\n","protected":false},"excerpt":{"rendered":"<p>Cz\u0142owiek ochrzczony, ale niebierzmowany jest \u201ejak \u017co\u0142nierz, kt\u00f3ry ju\u017c zosta\u0142 wprawdzie odznaczony, ale nie ma jeszcze broni\u201d. (Faust z Riez, mnich, pisarz i kaznodzieja) ZAPISY Wszystkich ch\u0119tnych (od wieku sz\u00f3stoklasisty [&hellip;]<\/p>\n","protected":false},"author":1,"featured_media":0,"parent":0,"menu_order":0,"comment_status":"closed","ping_status":"closed","template":"","meta":{"footnotes":""},"class_list":["post-117","page","type-page","status-publish","hentry"],"jetpack_sharing_enabled":true,"_links":{"self":[{"href":"https:\/\/aberdeen-pl.rcda.scot\/index.php?rest_route=\/wp\/v2\/pages\/117","targetHints":{"allow":["GET"]}}],"collection":[{"href":"https:\/\/aberdeen-pl.rcda.scot\/index.php?rest_route=\/wp\/v2\/pages"}],"about":[{"href":"https:\/\/aberdeen-pl.rcda.scot\/index.php?rest_route=\/wp\/v2\/types\/page"}],"author":[{"embeddable":true,"href":"https:\/\/aberdeen-pl.rcda.scot\/index.php?rest_route=\/wp\/v2\/users\/1"}],"replies":[{"embeddable":true,"href":"https:\/\/aberdeen-pl.rcda.scot\/index.php?rest_route=%2Fwp%2Fv2%2Fcomments&post=117"}],"version-history":[{"count":23,"href":"https:\/\/aberdeen-pl.rcda.scot\/index.php?rest_route=\/wp\/v2\/pages\/117\/revisions"}],"predecessor-version":[{"id":5258,"href":"https:\/\/aberdeen-pl.rcda.scot\/index.php?rest_route=\/wp\/v2\/pages\/117\/revisions\/5258"}],"wp:attachment":[{"href":"https:\/\/aberdeen-pl.rcda.scot\/index.php?rest_route=%2Fwp%2Fv2%2Fmedia&parent=117"}],"curies":[{"name":"wp","href":"https:\/\/api.w.org\/{rel}","templated":true}]}}