{"id":195,"date":"2019-08-15T11:23:54","date_gmt":"2019-08-15T10:23:54","guid":{"rendered":"http:\/\/aberdeen-pl.rcda.scot\/?page_id=195"},"modified":"2023-08-21T20:53:52","modified_gmt":"2023-08-21T19:53:52","slug":"malzenstwo","status":"publish","type":"page","link":"https:\/\/aberdeen-pl.rcda.scot\/?page_id=195","title":{"rendered":"MA\u0141\u017bE\u0143STWO"},"content":{"rendered":"<blockquote><p>Przymierze ma\u0142\u017ce\u0144skie, przez kt\u00f3re m\u0119\u017cczyzna i kobieta tworz\u0105 ze sob\u0105 wsp\u00f3lnot\u0119 ca\u0142ego \u017cycia, skierowan\u0105 ze swej natury na dobro ma\u0142\u017conk\u00f3w oraz do zrodzenia i wychowania potomstwa, zosta\u0142o mi\u0119dzy ochrzczonymi podniesione przez Chrystusa Pana do godno\u015bci sakramentu.<\/p>\n<p>Ko\u015bci\u00f3\u0142 wymaga zazwyczaj od swoich wiernych ko\u015bcielnej formy zawierania ma\u0142\u017ce\u0144stwa. Przemawia za tym wiele racji:<\/p>\n<ul>\n<li>ma\u0142\u017ce\u0144stwo sakramentalne jest aktem liturgicznym; wypada zatem, by by\u0142o celebrowane podczas publicznej liturgii Ko\u015bcio\u0142a;<\/li>\n<li>ma\u0142\u017ce\u0144stwo wprowadza do okre\u015blonego stanu ko\u015bcielnego, daje prawa i nak\u0142ada obowi\u0105zki w Ko\u015bciele, mi\u0119dzy ma\u0142\u017conkami i wobec dzieci;<\/li>\n<li>skoro ma\u0142\u017ce\u0144stwo jest stanem \u017cycia w Ko\u015bciele, trzeba, by by\u0142a pewno\u015b\u0107 odno\u015bnie do jego zawarcia (st\u0105d obowi\u0105zek obecno\u015bci \u015bwiadk\u00f3w).<\/li>\n<\/ul>\n<p>Spraw\u0105 pierwszorz\u0119dnej wagi jest\u00a0<strong>przygotowanie do ma\u0142\u017ce\u0144stwa<\/strong>, aby ma\u0142\u017ce\u0144skie <em>&#8220;tak&#8221;<\/em> by\u0142o aktem wolnym i odpowiedzialnym oraz aby przymierze ma\u0142\u017ce\u0144skie mia\u0142o solidne i trwa\u0142e podstawy ludzkie i chrze\u015bcija\u0144skie.<\/p>\n<p style=\"text-align: right;\"><em>Katechizm Ko\u015bcio\u0142a Katolickiego 1601, 1631<\/em><\/p>\n<\/blockquote>\n<hr \/>\n<p>Ze wzgl\u0119du na wymagania Kodeksu Prawa Kanonicznego (prawa Ko\u015bcio\u0142a katolickiego) okres za\u0142atwiania formalno\u015bci zwi\u0105zanych ze \u015blubem ko\u015bcielnym musi si\u0119 zamkn\u0105\u0107 pomi\u0119dzy 6 i 3 miesi\u0105ce przed dat\u0105 \u015blubu. Natomiast terminami kursu przedma\u0142\u017ce\u0144skiego warto zainteresowa\u0107 si\u0119 przynajmniej rok przed planowanym \u015blubem.<\/p>\n<p style=\"font-weight: 400;\"><strong>DO ZAWARCIA SAKRAMENTALNEGO ZWI\u0104ZKU MA\u0141\u017bE\u0143SKIEGO NARZECZENI ZOBOWI\u0104ZANI S\u0104 DO:<\/strong><\/p>\n<ol>\n<li style=\"font-weight: 400;\">ZG\u0141OSZENIA DO BIURA PARAFIALNEGO NA 6 M-CY PRZED\u00a0\u015aLUBEMZAMIARU ZAWARCIA MA\u0141\u017bE\u0143STWA<\/li>\n<li style=\"font-weight: 400;\">ODBYCIA KURSU PRZEDMA\u0141\u017bE\u0143SKIEGO<\/li>\n<li style=\"font-weight: 400;\">ZG\u0141OSZENIA SI\u0118 DO BIURA PARAFIALNEGO NA 3 M-CE PRZED\u00a0\u015aLUBEMW CELU SPISANIA PROTOKO\u0141U PRZEDMA\u0141\u017bE\u0143SKIEGO<\/li>\n<\/ol>\n<p style=\"font-weight: 400;\"><strong>W CELU SPISANIA PROTOKO\u0141U PRZEDMA\u0141\u017bE\u0143SKIEGO NARZECZENI ZG\u0141ASZAJ\u0104 SI\u0118 DO BIURA PARAFIALNEGO Z NAST\u0118PUJ\u0104CYMI\u00a0DOKUMENTAMI:<\/strong><\/p>\n<ol>\n<li style=\"font-weight: 400;\">KOPIA AKTU URODZENIA<\/li>\n<li style=\"font-weight: 400;\">KOPIA DOWODU TO\u017bSAMO\u015aCI LUB PASZPORTU<\/li>\n<li style=\"font-weight: 400;\">METRYKA CHRZTU Z ADNOTACJ\u0104 O BIERZMOWANIU<\/li>\n<li style=\"font-weight: 400;\">PODPISAN\u0104 PRZEZ RODZIC\u00d3W DWOJGA ZE STRON DEKLARACJI FREEDOM TO MARRY <a href=\"https:\/\/aberdeen-pl.rcda.scot\/wp-content\/uploads\/2023\/08\/Letter-of-Freedom.pdf\">(w za\u0142\u0105czniku)<\/a><\/li>\n<li style=\"font-weight: 400;\">AKT ZAWARCIA MA\u0141\u017bE\u0143STWA \u2013 JE\u015aLI BY\u0141O ZAWARTE WCZE\u015aNIEJ CYWILNE MA\u0141\u017bE\u0143STWO<\/li>\n<\/ol>\n","protected":false},"excerpt":{"rendered":"<p>Przymierze ma\u0142\u017ce\u0144skie, przez kt\u00f3re m\u0119\u017cczyzna i kobieta tworz\u0105 ze sob\u0105 wsp\u00f3lnot\u0119 ca\u0142ego \u017cycia, skierowan\u0105 ze swej natury na dobro ma\u0142\u017conk\u00f3w oraz do zrodzenia i wychowania potomstwa, zosta\u0142o mi\u0119dzy ochrzczonymi podniesione [&hellip;]<\/p>\n","protected":false},"author":1,"featured_media":555,"parent":0,"menu_order":0,"comment_status":"closed","ping_status":"closed","template":"","meta":{"footnotes":""},"class_list":["post-195","page","type-page","status-publish","has-post-thumbnail","hentry"],"jetpack_sharing_enabled":true,"_links":{"self":[{"href":"https:\/\/aberdeen-pl.rcda.scot\/index.php?rest_route=\/wp\/v2\/pages\/195","targetHints":{"allow":["GET"]}}],"collection":[{"href":"https:\/\/aberdeen-pl.rcda.scot\/index.php?rest_route=\/wp\/v2\/pages"}],"about":[{"href":"https:\/\/aberdeen-pl.rcda.scot\/index.php?rest_route=\/wp\/v2\/types\/page"}],"author":[{"embeddable":true,"href":"https:\/\/aberdeen-pl.rcda.scot\/index.php?rest_route=\/wp\/v2\/users\/1"}],"replies":[{"embeddable":true,"href":"https:\/\/aberdeen-pl.rcda.scot\/index.php?rest_route=%2Fwp%2Fv2%2Fcomments&post=195"}],"version-history":[{"count":22,"href":"https:\/\/aberdeen-pl.rcda.scot\/index.php?rest_route=\/wp\/v2\/pages\/195\/revisions"}],"predecessor-version":[{"id":4953,"href":"https:\/\/aberdeen-pl.rcda.scot\/index.php?rest_route=\/wp\/v2\/pages\/195\/revisions\/4953"}],"wp:featuredmedia":[{"embeddable":true,"href":"https:\/\/aberdeen-pl.rcda.scot\/index.php?rest_route=\/wp\/v2\/media\/555"}],"wp:attachment":[{"href":"https:\/\/aberdeen-pl.rcda.scot\/index.php?rest_route=%2Fwp%2Fv2%2Fmedia&parent=195"}],"curies":[{"name":"wp","href":"https:\/\/api.w.org\/{rel}","templated":true}]}}