{"id":4447,"date":"2022-09-15T10:48:08","date_gmt":"2022-09-15T09:48:08","guid":{"rendered":"https:\/\/aberdeen-pl.rcda.scot\/?page_id=4447"},"modified":"2024-09-04T12:51:30","modified_gmt":"2024-09-04T11:51:30","slug":"i-komunia-swieta","status":"publish","type":"page","link":"https:\/\/aberdeen-pl.rcda.scot\/?page_id=4447","title":{"rendered":"I Komunia \u015awi\u0119ta"},"content":{"rendered":"<div style=\"text-align: right;\"><strong><em><span style=\"color: purple;\">Gdyby ludzie znali warto\u015b\u0107 Eucharystii,<\/span><\/em><\/strong><\/div>\n<div style=\"text-align: right;\"><strong><em><span style=\"color: purple;\">s\u0142u\u017cby porz\u0105dkowe musia\u0142yby kierowa\u0107 ruchem u wej\u015bcia do ko\u015bcio\u0142\u00f3w.<\/span><\/em><\/strong><\/div>\n<div style=\"text-align: right;\"><strong><em><span style=\"color: purple;\">(\u015bw. Teresa z Lisieux)<\/span><\/em><\/strong><\/div>\n<div><\/div>\n<p><!--more--><\/p>\n<div><\/div>\n<div style=\"text-align: right;\"><strong><em><span style=\"color: teal;\">Nie m\u00f3wcie mi, \u017ce jeste\u015bcie grzesznikami, \u017ce jeste\u015bcie n\u0119dzni<\/span><\/em><\/strong><\/div>\n<div style=\"text-align: right;\"><strong><em><span style=\"color: teal;\">i \u017ce dlatego nie przyst\u0119pujecie do Komunii \u015awi\u0119tej\u2026<\/span><\/em><\/strong><\/div>\n<div style=\"text-align: right;\"><strong><em><span style=\"color: teal;\">To tak jakby\u015bcie m\u00f3wili, ze jeste\u015bcie zbyt chorzy i dlatego nie chcecie ani lekarzy, ani lekarstw.<\/span><\/em><\/strong><\/div>\n<div style=\"text-align: right;\"><strong><em><span style=\"color: teal;\">(\u015bw. Jan Maria Vianney)<\/span><\/em><\/strong><\/div>\n<div style=\"text-align: right;\"><\/div>\n<div style=\"text-align: right;\"><\/div>\n<p><!--more--><\/p>\n<div><\/div>\n<div><\/div>\n<div>Rodzic\u00f3w, kt\u00f3rzy pragn\u0105, aby ich dzieci przyst\u0105pi\u0142y do sakramentu I Spowiedzi oraz\u00a0 I Komunii\u00a0 \u015awi\u0119tej, prosimy o wype\u0142nienie jednego z poni\u017cszych formularzy:<\/div>\n<div><\/div>\n<div>\n<p style=\"font-weight: 400;\"><span style=\"color: #ff0000;\"><a style=\"color: #ff0000;\" href=\"https:\/\/forms.gle\/T1TXkMH3DYfU8VfA8\" data-saferedirecturl=\"https:\/\/www.google.com\/url?q=https:\/\/forms.gle\/T1TXkMH3DYfU8VfA8&amp;source=gmail&amp;ust=1725536924724000&amp;usg=AOvVaw3xyuNrTbtdvVw9olVlT_0r\">Zapisy do I Komunii \u015aw 2025<\/a><\/span><\/p>\n<p style=\"font-weight: 400;\">Zapisy dotycz\u0105 dzieci urodzonych w\u00a0roku 2016 oraz wcze\u015bniej (dzieci, kt\u00f3re jeszcze nie przyst\u0105pi\u0142y do sakramentu I Komunii \u015bwi\u0119tej, ale ucz\u0119szcza\u0142y na katechez\u0119)<\/p>\n<p style=\"font-weight: 400;\"><strong>Zapisy przyjmowane s\u0105 do ko\u0144ca wrze\u015bnia 2024 roku.<\/strong><\/p>\n<p style=\"font-weight: 400;\"><strong>Przygotowanie<\/strong>\u00a0dzieci do sakrament\u00f3w I Spowiedzi oraz I Komunii \u015awi\u0119tej odbywa si\u0119 w ramach katechezy w polskich szko\u0142ach na terenie Aberdeen.<\/p>\n<p style=\"font-weight: 400;\">Przygotowanie m\u0142odzie\u017cy i doros\u0142ych do tych sakrament\u00f3w odbywa si\u0119 indywidualnie po uzgodnieniu z duszpasterzem.<\/p>\n<p style=\"font-weight: 400;\">W razie jakichkolwiek pyta\u0144 prosz\u0119 o kontakt z p. Katarzyn\u0105 W\u0142odarkiewicz (email:\u00a0<a href=\"mailto:komuniaberdeen\">komuniaberdeen<\/a><u>@<a href=\"http:\/\/gmail.com\/\" data-saferedirecturl=\"https:\/\/www.google.com\/url?q=http:\/\/gmail.com&amp;source=gmail&amp;ust=1725536924724000&amp;usg=AOvVaw1i8GNrMGhSav_bV7cStN1T\">gmail.com<\/a><\/u>)<\/p>\n<\/div>\n<p><!--more--><\/p>\n<div><\/div>\n<div style=\"text-align: center;\"><img data-recalc-dims=\"1\" loading=\"lazy\" decoding=\"async\" data-attachment-id=\"4451\" data-permalink=\"https:\/\/aberdeen-pl.rcda.scot\/?attachment_id=4451\" data-orig-file=\"https:\/\/i0.wp.com\/aberdeen-pl.rcda.scot\/wp-content\/uploads\/2022\/09\/first-communion-g6e215af43_1280.jpg?fit=1280%2C853&amp;ssl=1\" data-orig-size=\"1280,853\" data-comments-opened=\"0\" data-image-meta=\"{&quot;aperture&quot;:&quot;0&quot;,&quot;credit&quot;:&quot;&quot;,&quot;camera&quot;:&quot;&quot;,&quot;caption&quot;:&quot;&quot;,&quot;created_timestamp&quot;:&quot;0&quot;,&quot;copyright&quot;:&quot;&quot;,&quot;focal_length&quot;:&quot;0&quot;,&quot;iso&quot;:&quot;0&quot;,&quot;shutter_speed&quot;:&quot;0&quot;,&quot;title&quot;:&quot;&quot;,&quot;orientation&quot;:&quot;0&quot;}\" data-image-title=\"first-communion-g6e215af43_1280\" data-image-description=\"\" data-image-caption=\"\" data-large-file=\"https:\/\/i0.wp.com\/aberdeen-pl.rcda.scot\/wp-content\/uploads\/2022\/09\/first-communion-g6e215af43_1280.jpg?fit=640%2C426&amp;ssl=1\" class=\"alignnone wp-image-4451\" src=\"https:\/\/i0.wp.com\/aberdeen-pl.rcda.scot\/wp-content\/uploads\/2022\/09\/first-communion-g6e215af43_1280.jpg?resize=441%2C294&#038;ssl=1\" alt=\"\" width=\"441\" height=\"294\" srcset=\"https:\/\/i0.wp.com\/aberdeen-pl.rcda.scot\/wp-content\/uploads\/2022\/09\/first-communion-g6e215af43_1280.jpg?w=1280&amp;ssl=1 1280w, https:\/\/i0.wp.com\/aberdeen-pl.rcda.scot\/wp-content\/uploads\/2022\/09\/first-communion-g6e215af43_1280.jpg?resize=300%2C200&amp;ssl=1 300w, https:\/\/i0.wp.com\/aberdeen-pl.rcda.scot\/wp-content\/uploads\/2022\/09\/first-communion-g6e215af43_1280.jpg?resize=1024%2C682&amp;ssl=1 1024w, https:\/\/i0.wp.com\/aberdeen-pl.rcda.scot\/wp-content\/uploads\/2022\/09\/first-communion-g6e215af43_1280.jpg?resize=768%2C512&amp;ssl=1 768w\" sizes=\"auto, (max-width: 441px) 100vw, 441px\" \/><\/div>\n<div style=\"text-align: center;\"><span style=\"font-size: x-small;\">Autor zdj\u0119cia: <a href=\"https:\/\/pixabay.com\/users\/tobiaswahl-5316232\/\" target=\"_blank\" rel=\"noopener\">Tobias C. Wahl<\/a><\/span><span style=\"font-size: x-small;\">\u00a0z <\/span><a style=\"font-size: x-small;\" href=\"https:\/\/pixabay.com\/\" target=\"_blank\" rel=\"noopener\">Pixabay<\/a><\/div>\n","protected":false},"excerpt":{"rendered":"<p>Gdyby ludzie znali warto\u015b\u0107 Eucharystii, s\u0142u\u017cby porz\u0105dkowe musia\u0142yby kierowa\u0107 ruchem u wej\u015bcia do ko\u015bcio\u0142\u00f3w. (\u015bw. Teresa z Lisieux)<\/p>\n","protected":false},"author":4,"featured_media":0,"parent":0,"menu_order":0,"comment_status":"closed","ping_status":"closed","template":"","meta":{"footnotes":""},"class_list":["post-4447","page","type-page","status-publish","hentry"],"jetpack_sharing_enabled":true,"_links":{"self":[{"href":"https:\/\/aberdeen-pl.rcda.scot\/index.php?rest_route=\/wp\/v2\/pages\/4447","targetHints":{"allow":["GET"]}}],"collection":[{"href":"https:\/\/aberdeen-pl.rcda.scot\/index.php?rest_route=\/wp\/v2\/pages"}],"about":[{"href":"https:\/\/aberdeen-pl.rcda.scot\/index.php?rest_route=\/wp\/v2\/types\/page"}],"author":[{"embeddable":true,"href":"https:\/\/aberdeen-pl.rcda.scot\/index.php?rest_route=\/wp\/v2\/users\/4"}],"replies":[{"embeddable":true,"href":"https:\/\/aberdeen-pl.rcda.scot\/index.php?rest_route=%2Fwp%2Fv2%2Fcomments&post=4447"}],"version-history":[{"count":17,"href":"https:\/\/aberdeen-pl.rcda.scot\/index.php?rest_route=\/wp\/v2\/pages\/4447\/revisions"}],"predecessor-version":[{"id":5270,"href":"https:\/\/aberdeen-pl.rcda.scot\/index.php?rest_route=\/wp\/v2\/pages\/4447\/revisions\/5270"}],"wp:attachment":[{"href":"https:\/\/aberdeen-pl.rcda.scot\/index.php?rest_route=%2Fwp%2Fv2%2Fmedia&parent=4447"}],"curies":[{"name":"wp","href":"https:\/\/api.w.org\/{rel}","templated":true}]}}