{"id":5,"date":"2019-06-14T11:02:05","date_gmt":"2019-06-14T10:02:05","guid":{"rendered":"http:\/\/aberdeen-pl.rcda.scot\/?page_id=5"},"modified":"2024-11-17T23:13:53","modified_gmt":"2024-11-17T23:13:53","slug":"msza","status":"publish","type":"page","link":"https:\/\/aberdeen-pl.rcda.scot\/?page_id=5","title":{"rendered":"MSZE \u015aWI\u0118TE"},"content":{"rendered":"<h4 style=\"text-align: center;\">W J\u0118ZYKU POLSKIM<\/h4>\n<p><strong><a href=\"https:\/\/maps.app.goo.gl\/na7Czx6BrBioDAWQ6\">Our Lady of Aberdeen, Kincorth<\/a><\/strong><\/p>\n<ul>\n<li style=\"list-style-type: none;\">\n<ul>\n<li>Pi\u0105tek, godz. 19:00 (polskoj\u0119zyczna Msza wsp\u00f3lnoty parafialnej)<\/li>\n<li>Sobota, godz. 19:00\u00a0 Msza z niedzieli (polskoj\u0119zyczna Msza wsp\u00f3lnoty parafialnej)<\/li>\n<\/ul>\n<\/li>\n<\/ul>\n<p><span style=\"text-decoration: underline;\"><a href=\"https:\/\/goo.gl\/maps\/ZooQD6v422MsZanz7\" target=\"_blank\" rel=\"noopener\"><strong>Sacred Heart, Torry:<\/strong><\/a><\/span><\/p>\n<ul>\n<li style=\"list-style-type: none;\">\n<ul>\n<li>Niedziela, godz. 9:45 (polskoj\u0119zyczna Msza wsp\u00f3lnoty parafialnej)<\/li>\n<\/ul>\n<\/li>\n<\/ul>\n<p>&nbsp;<\/p>\n<p><span style=\"text-decoration: underline;\"><a href=\"https:\/\/goo.gl\/maps\/YLuvHstpFMA4W7hd8\" target=\"_blank\" rel=\"noopener\"><strong>St. Mary&#8217;s Cathedral:<\/strong><\/a><\/span><\/p>\n<ul>\n<li style=\"list-style-type: none;\">\n<ul>\n<li>Niedziela, godz. 15:00 (polskoj\u0119zyczna Msza Duszpasterstwa Polak\u00f3w w Aberdeen)<\/li>\n<\/ul>\n<\/li>\n<\/ul>\n<p style=\"text-align: center;\"><a href=\"https:\/\/calendar.google.com\/calendar\/embed?src=c_de67c6b1d20c5e3956801aa70895dda544efa47a9d2c042b64a68999a59335a2%40group.calendar.google.com&amp;ctz=Europe%2FLondon\" target=\"_blank\" rel=\"noopener\"><span style=\"text-decoration: underline;\"><strong><span style=\"color: red; text-decoration: underline;\">KALENDARZ<\/span><\/strong><\/span><\/a> ju\u017c zarezerwowanych INTENCJI MSZALNYCH<br \/>\n&#8211; w niedziele: w katedrze (15:00)<br \/>\n(mo\u017cliwo\u015b\u0107 rezerwacji za pomoc\u0105 <a href=\"https:\/\/aberdeen-pl.rcda.scot\/?page_id=32\" target=\"_blank\" rel=\"noopener\"><span style=\"text-decoration: underline;\"><strong><span style=\"color: red; text-decoration: underline;\">formularza kontaktowego<\/span><\/strong><\/span><\/a>)<\/p>\n<p>&nbsp;<\/p>\n<p><span style=\"text-decoration: underline;\"><a href=\"https:\/\/goo.gl\/maps\/aY5snNTjvVJq9RVG9\" target=\"_blank\" rel=\"noopener\"><strong>St. Joseph&#8217;s, Woodside:<\/strong><\/a><\/span><\/p>\n<ul>\n<li style=\"list-style-type: none;\">\n<ul>\n<li>Niedziela, godz. 19:00 (polskoj\u0119zyczna Msza wsp\u00f3lnoty parafialnej)<\/li>\n<\/ul>\n<\/li>\n<\/ul>\n<p>&nbsp;<\/p>\n<p>&nbsp;<\/p>\n<p><img data-recalc-dims=\"1\" loading=\"lazy\" decoding=\"async\" data-attachment-id=\"3019\" data-permalink=\"https:\/\/aberdeen-pl.rcda.scot\/?attachment_id=3019\" data-orig-file=\"https:\/\/i0.wp.com\/aberdeen-pl.rcda.scot\/wp-content\/uploads\/2021\/11\/celebration-of-the-eucharist-g437f53eb4_640.jpg?fit=640%2C427&amp;ssl=1\" data-orig-size=\"640,427\" data-comments-opened=\"0\" data-image-meta=\"{&quot;aperture&quot;:&quot;5&quot;,&quot;credit&quot;:&quot;&quot;,&quot;camera&quot;:&quot;Canon EOS 1200D&quot;,&quot;caption&quot;:&quot;&quot;,&quot;created_timestamp&quot;:&quot;0&quot;,&quot;copyright&quot;:&quot;&quot;,&quot;focal_length&quot;:&quot;155&quot;,&quot;iso&quot;:&quot;6400&quot;,&quot;shutter_speed&quot;:&quot;0.005&quot;,&quot;title&quot;:&quot;&quot;,&quot;orientation&quot;:&quot;0&quot;}\" data-image-title=\"celebration-of-the-eucharist-g437f53eb4_640\" data-image-description=\"\" data-image-caption=\"\" data-large-file=\"https:\/\/i0.wp.com\/aberdeen-pl.rcda.scot\/wp-content\/uploads\/2021\/11\/celebration-of-the-eucharist-g437f53eb4_640.jpg?fit=640%2C427&amp;ssl=1\" class=\" wp-image-3019 aligncenter\" src=\"https:\/\/i0.wp.com\/aberdeen-pl.rcda.scot\/wp-content\/uploads\/2021\/11\/celebration-of-the-eucharist-g437f53eb4_640.jpg?resize=417%2C278&#038;ssl=1\" alt=\"\" width=\"417\" height=\"278\" srcset=\"https:\/\/i0.wp.com\/aberdeen-pl.rcda.scot\/wp-content\/uploads\/2021\/11\/celebration-of-the-eucharist-g437f53eb4_640.jpg?w=640&amp;ssl=1 640w, https:\/\/i0.wp.com\/aberdeen-pl.rcda.scot\/wp-content\/uploads\/2021\/11\/celebration-of-the-eucharist-g437f53eb4_640.jpg?resize=300%2C200&amp;ssl=1 300w\" sizes=\"auto, (max-width: 417px) 100vw, 417px\" \/><\/p>\n<p>&nbsp;<\/p>\n<p style=\"text-align: center;\"><span style=\"font-size: x-small;\">Autor zdj\u0119cia: <a href=\"https:\/\/pixabay.com\/users\/norbert47-608245\/\">Norbert Staudt<\/a> z <\/span><a style=\"font-size: x-small;\" href=\"https:\/\/pixabay.com\/\">Pixabay<\/a><\/p>\n","protected":false},"excerpt":{"rendered":"<p>W J\u0118ZYKU POLSKIM Our Lady of Aberdeen, Kincorth Pi\u0105tek, godz. 19:00 (polskoj\u0119zyczna Msza wsp\u00f3lnoty parafialnej) Sobota, godz. 19:00\u00a0 Msza z niedzieli (polskoj\u0119zyczna Msza wsp\u00f3lnoty parafialnej) Sacred Heart, Torry: Niedziela, godz. [&hellip;]<\/p>\n","protected":false},"author":1,"featured_media":0,"parent":0,"menu_order":0,"comment_status":"closed","ping_status":"closed","template":"","meta":{"footnotes":""},"class_list":["post-5","page","type-page","status-publish","hentry"],"jetpack_sharing_enabled":true,"_links":{"self":[{"href":"https:\/\/aberdeen-pl.rcda.scot\/index.php?rest_route=\/wp\/v2\/pages\/5","targetHints":{"allow":["GET"]}}],"collection":[{"href":"https:\/\/aberdeen-pl.rcda.scot\/index.php?rest_route=\/wp\/v2\/pages"}],"about":[{"href":"https:\/\/aberdeen-pl.rcda.scot\/index.php?rest_route=\/wp\/v2\/types\/page"}],"author":[{"embeddable":true,"href":"https:\/\/aberdeen-pl.rcda.scot\/index.php?rest_route=\/wp\/v2\/users\/1"}],"replies":[{"embeddable":true,"href":"https:\/\/aberdeen-pl.rcda.scot\/index.php?rest_route=%2Fwp%2Fv2%2Fcomments&post=5"}],"version-history":[{"count":104,"href":"https:\/\/aberdeen-pl.rcda.scot\/index.php?rest_route=\/wp\/v2\/pages\/5\/revisions"}],"predecessor-version":[{"id":5392,"href":"https:\/\/aberdeen-pl.rcda.scot\/index.php?rest_route=\/wp\/v2\/pages\/5\/revisions\/5392"}],"wp:attachment":[{"href":"https:\/\/aberdeen-pl.rcda.scot\/index.php?rest_route=%2Fwp%2Fv2%2Fmedia&parent=5"}],"curies":[{"name":"wp","href":"https:\/\/api.w.org\/{rel}","templated":true}]}}