{"id":5479,"date":"2025-03-15T15:20:04","date_gmt":"2025-03-15T15:20:04","guid":{"rendered":"https:\/\/aberdeen-pl.rcda.scot\/?page_id=5479"},"modified":"2025-03-15T15:35:32","modified_gmt":"2025-03-15T15:35:32","slug":"gift-aid","status":"publish","type":"page","link":"https:\/\/aberdeen-pl.rcda.scot\/?page_id=5479","title":{"rendered":"GIFT AID"},"content":{"rendered":"<p><strong>Co to jest Gift Aid?<\/strong><\/p>\n<p>Jest to akcja zach\u0119caj\u0105ca wszystkie osoby p\u0142ac\u0105ce podatek dochodowy, by wype\u0142ni\u0142y i podpisa\u0142y Deklaracj\u0119, kt\u00f3ra stwierdza, \u017ce wszystkie ofiary sk\u0142adane przez sygnatariusza na rzecz organizacji dobroczynnej powinny by\u0107 traktowane jako ofiary \u201cGift Aid\u201d. Na mocy tej Deklaracji, nasze Duszpasterstwo otrzymuje od Urz\u0119du Podatkowego zwrot podatku zap\u0142aconego przez ofiarodawc\u0119 w wysoko\u015bci 25% ca\u0142kowitej darowizny (np. za wp\u0142acone \u00a3100 otrzymamy od pa\u0144stw \u00a325).<\/p>\n<p><strong>Po ustaleniu faktu czym jest \u201eGift Aid\u201d nale\u017cy wiedzie\u0107, kto mo\u017ce podpisa\u0107 formularz Gift Aid?<\/strong><\/p>\n<p>Ot\u00f3\u017c ka\u017cda osoba, kt\u00f3ra otrzymuje jakikolwiek doch\u00f3d (praca, emerytura, procent bankowy od oszcz\u0119dno\u015bci) od kt\u00f3rego p\u0142aci brytyjski podatek dochodowy (UK Income Tax) mo\u017ce podpisa\u0107 tak\u0105 deklaracj\u0119. Formularz \u201cGift Aid\u201d mog\u0105 podpisa\u0107 zar\u00f3wno rezydenci UK, jak i osoby przebywaj\u0105ce w Wielkiej Brytanii czasowo i p\u0142ac\u0105ce brytyjski podatek dochodowy. Opr\u00f3cz os\u00f3b p\u0142ac\u0105cych podstawow\u0105 (20%) lub wy\u017csz\u0105 stawk\u0119 podatkow\u0105 (40%) do akcji \u201cGift Aid\u201d mog\u0105 si\u0119 tak\u017ce w\u0142\u0105czy\u0107 osoby p\u0142ac\u0105ce ni\u017csz\u0105 stawk\u0119 podatkow\u0105 (10%); pod warunkiem, \u017ce podatek, kt\u00f3ry ofiarodawca zap\u0142aci\u0142 w danym roku jest nie mniejszy ni\u017c zwrot podatku o kt\u00f3ry ubiega si\u0119 parafia.<\/p>\n<p><strong>Jakie warunki musz\u0105 by\u0107 spe\u0142nione, aby ofiara z\u0142o\u017cona na parafi\u0119 mog\u0142a by\u0107 traktowana jako \u201eGift Aid\u201d?<\/strong><\/p>\n<p>Aby ofiara z\u0142o\u017cona na parafi\u0119 mog\u0142a by\u0107 traktowana jako \u201cGift Aid\u201d, musz\u0105 by\u0107 spe\u0142nione trzy warunki:<\/p>\n<ul>\n<li>Ofiarodawca musi uprzednio podpisa\u0107 DEKLARACJ\u0118 GIFT AID<\/li>\n<li>Ofiarodawca p\u0142aci podatek w Wielkiej Brytanii.<\/li>\n<li>Zwrot podatku o kt\u00f3ry ubiega si\u0119 parafia, nie przekracza podatku zap\u0142aconego w danym roku przez ofiarodawc\u0119.<\/li>\n<\/ul>\n<p>&nbsp;<\/p>\n<p>NIE MA OBOWI\u0104ZKU dawa\u0107 ofiary przez Git Aid co tydzie\u0144 ani w tej samej kwocie. Komplet zawiera standardowe i datowane 52 kopertki. Na dodatkowe \u015bwi\u0119ta mo\u017cna u\u017cy\u0107 kopertki, kt\u00f3re znajduj\u0105 si\u0119 w sklepiku. Dajemy ile mamy i kiedy mamy, ale ZAWSZE w kopertce.<\/p>\n<p>&nbsp;<\/p>\n<p>Je\u015bli zapomnieli\u015bmy zabra\u0107 ze sob\u0105 kopertki to ofiar\u0119 z\u0142\u00f3\u017cmy w zwyk\u0142ej kopertce (wystarczy wpisa\u0107 sw\u00f3j numer Gift Aid) \u2013 inaczej utracimy 25% dotacji za t\u0105 ofiar\u0119, kt\u00f3r\u0105 wrzucili\u015bmy luzem.<\/p>\n<p>&nbsp;<\/p>\n<p>Ofiary mo\u017cna sk\u0142ada\u0107 w kopertce z numerem GIFT AID oraz przelewem bankowym tzw. standing order na konto naszego Duszpasterstwa:<\/p>\n<p>&nbsp;<\/p>\n<p><strong>RCD of Aberdeen<\/strong><\/p>\n<p><strong>Sort code:<\/strong> 800516<\/p>\n<p><strong>Account number:<\/strong> 06004205<\/p>\n<p>&nbsp;<\/p>\n<p>Podpisanie deklaracji nie wi\u0105\u017ce si\u0119 z \u017cadnymi dodatkowymi rozliczeniami z urz\u0119dem podatkowym.<\/p>\n<p>&nbsp;<\/p>\n<p>Deklaracja Gift Aid do pobrania poni\u017cej.<\/p>\n<p><a href=\"https:\/\/aberdeen-pl.rcda.scot\/wp-content\/uploads\/2025\/03\/GA-Declaration-Form-PL.docx\">GA Declaration Form PL<\/a><\/p>\n","protected":false},"excerpt":{"rendered":"<p>Co to jest Gift Aid? Jest to akcja zach\u0119caj\u0105ca wszystkie osoby p\u0142ac\u0105ce podatek dochodowy, by wype\u0142ni\u0142y i podpisa\u0142y Deklaracj\u0119, kt\u00f3ra stwierdza, \u017ce wszystkie ofiary sk\u0142adane przez sygnatariusza na rzecz organizacji [&hellip;]<\/p>\n","protected":false},"author":5,"featured_media":0,"parent":0,"menu_order":0,"comment_status":"closed","ping_status":"closed","template":"","meta":{"footnotes":""},"class_list":["post-5479","page","type-page","status-publish","hentry"],"jetpack_sharing_enabled":true,"_links":{"self":[{"href":"https:\/\/aberdeen-pl.rcda.scot\/index.php?rest_route=\/wp\/v2\/pages\/5479","targetHints":{"allow":["GET"]}}],"collection":[{"href":"https:\/\/aberdeen-pl.rcda.scot\/index.php?rest_route=\/wp\/v2\/pages"}],"about":[{"href":"https:\/\/aberdeen-pl.rcda.scot\/index.php?rest_route=\/wp\/v2\/types\/page"}],"author":[{"embeddable":true,"href":"https:\/\/aberdeen-pl.rcda.scot\/index.php?rest_route=\/wp\/v2\/users\/5"}],"replies":[{"embeddable":true,"href":"https:\/\/aberdeen-pl.rcda.scot\/index.php?rest_route=%2Fwp%2Fv2%2Fcomments&post=5479"}],"version-history":[{"count":2,"href":"https:\/\/aberdeen-pl.rcda.scot\/index.php?rest_route=\/wp\/v2\/pages\/5479\/revisions"}],"predecessor-version":[{"id":5486,"href":"https:\/\/aberdeen-pl.rcda.scot\/index.php?rest_route=\/wp\/v2\/pages\/5479\/revisions\/5486"}],"wp:attachment":[{"href":"https:\/\/aberdeen-pl.rcda.scot\/index.php?rest_route=%2Fwp%2Fv2%2Fmedia&parent=5479"}],"curies":[{"name":"wp","href":"https:\/\/api.w.org\/{rel}","templated":true}]}}